{"id":2201,"date":"2026-02-06T10:02:09","date_gmt":"2026-02-06T15:02:09","guid":{"rendered":"https:\/\/iridian2026.iridian.co\/como-trabajamos\/"},"modified":"2026-03-09T08:49:30","modified_gmt":"2026-03-09T13:49:30","slug":"como-trabajamos","status":"publish","type":"page","link":"https:\/\/iridian.io\/es\/como-trabajamos\/","title":{"rendered":"C\u00f3mo trabajamos"},"content":{"rendered":"\t\t<div data-elementor-type=\"wp-page\" data-elementor-id=\"2201\" class=\"elementor elementor-2201 elementor-748\" data-elementor-post-type=\"page\">\n\t\t\t\t<div class=\"elementor-element elementor-element-c67c37f e-con-full e-flex e-con e-parent\" data-id=\"c67c37f\" data-element_type=\"container\" data-e-type=\"container\" data-settings=\"{&quot;background_background&quot;:&quot;classic&quot;}\">\n\t\t<div class=\"elementor-element elementor-element-2ab2567 e-con-full ancho-iridian e-flex e-con e-child\" data-id=\"2ab2567\" data-element_type=\"container\" data-e-type=\"container\">\n\t\t<div class=\"elementor-element elementor-element-00fce0b e-con-full ancho-iridian e-flex e-con e-child\" data-id=\"00fce0b\" data-element_type=\"container\" data-e-type=\"container\">\n\t\t\t\t<div class=\"elementor-element elementor-element-9f73166 elementor-absolute elementor-hidden-mobile scan-line elementor-widget elementor-widget-image\" data-id=\"9f73166\" data-element_type=\"widget\" data-e-type=\"widget\" data-settings=\"{&quot;_position&quot;:&quot;absolute&quot;}\" data-widget_type=\"image.default\">\n\t\t\t\t\t\t\t\t\t\t\t\t\t\t\t<img fetchpriority=\"high\" decoding=\"async\" width=\"664\" height=\"495\" src=\"https:\/\/iridian.io\/wp-content\/uploads\/2026\/02\/image-1-1.jpg\" class=\"attachment-full size-full wp-image-2195\" alt=\"\" srcset=\"https:\/\/iridian.io\/wp-content\/uploads\/2026\/02\/image-1-1.jpg 664w, https:\/\/iridian.io\/wp-content\/uploads\/2026\/02\/image-1-1-300x224.jpg 300w\" sizes=\"(max-width: 664px) 100vw, 664px\" \/>\t\t\t\t\t\t\t\t\t\t\t\t\t\t\t<\/div>\n\t\t\t\t<div class=\"elementor-element elementor-element-7fd505b elementor-hidden-desktop elementor-hidden-tablet scan-line elementor-widget elementor-widget-image\" data-id=\"7fd505b\" data-element_type=\"widget\" data-e-type=\"widget\" data-widget_type=\"image.default\">\n\t\t\t\t\t\t\t\t\t\t\t\t\t\t\t<img fetchpriority=\"high\" decoding=\"async\" width=\"664\" height=\"495\" src=\"https:\/\/iridian.io\/wp-content\/uploads\/2026\/02\/image-1-1.jpg\" class=\"attachment-full size-full wp-image-2195\" alt=\"\" srcset=\"https:\/\/iridian.io\/wp-content\/uploads\/2026\/02\/image-1-1.jpg 664w, https:\/\/iridian.io\/wp-content\/uploads\/2026\/02\/image-1-1-300x224.jpg 300w\" sizes=\"(max-width: 664px) 100vw, 664px\" \/>\t\t\t\t\t\t\t\t\t\t\t\t\t\t\t<\/div>\n\t\t\t\t<div class=\"elementor-element elementor-element-ed284be elementor-widget__width-initial elementor-widget elementor-widget-heading\" data-id=\"ed284be\" data-element_type=\"widget\" data-e-type=\"widget\" data-widget_type=\"heading.default\">\n\t\t\t\t\t<h1 class=\"elementor-heading-title elementor-size-default\">C\u00f3mo trabajamos<\/h1>\t\t\t\t<\/div>\n\t\t\t\t<div class=\"elementor-element elementor-element-30464a8 elementor-widget__width-initial elementor-widget elementor-widget-text-editor\" data-id=\"30464a8\" data-element_type=\"widget\" data-e-type=\"widget\" data-widget_type=\"text-editor.default\">\n\t\t\t\t\t\t\t\t\tAdaptamos nuestro modelo de entrega seg\u00fan <span class=\"weight-600\">la madurez organizacional, el contexto regulatorio y los requisitos operativos.<\/span>\t\t\t\t\t\t\t\t<\/div>\n\t\t\t\t<div class=\"elementor-element elementor-element-2e4509a btn-iridian elementor-align-left elementor-mobile-align-center elementor-widget elementor-widget-button\" data-id=\"2e4509a\" data-element_type=\"widget\" data-e-type=\"widget\" data-widget_type=\"button.default\">\n\t\t\t\t\t\t\t\t\t\t<a class=\"elementor-button elementor-button-link elementor-size-sm\" href=\"https:\/\/iridian2026.iridian.co\/es\/contacto\/\">\n\t\t\t\t\t\t<span class=\"elementor-button-content-wrapper\">\n\t\t\t\t\t\t\t\t\t<span class=\"elementor-button-text\">Iniciar una conversaci\u00f3n<\/span>\n\t\t\t\t\t<\/span>\n\t\t\t\t\t<\/a>\n\t\t\t\t\t\t\t\t<\/div>\n\t\t\t\t<\/div>\n\t\t\t\t<\/div>\n\t\t\t\t<\/div>\n\t\t<div class=\"elementor-element elementor-element-13b63fa e-con-full e-flex e-con e-parent\" data-id=\"13b63fa\" data-element_type=\"container\" data-e-type=\"container\">\n\t\t<div class=\"elementor-element elementor-element-c75319d e-con-full ancho-iridian e-flex e-con e-child\" data-id=\"c75319d\" data-element_type=\"container\" data-e-type=\"container\">\n\t\t\t\t<div class=\"elementor-element elementor-element-19ad57c elementor-widget elementor-widget-heading\" data-id=\"19ad57c\" data-element_type=\"widget\" data-e-type=\"widget\" data-widget_type=\"heading.default\">\n\t\t\t\t\t<h2 class=\"elementor-heading-title elementor-size-default\"><span class=\"color-6b7380\">Modelos de colaboraci\u00f3n<\/span>\n<\/h2>\t\t\t\t<\/div>\n\t\t\t\t<\/div>\n\t\t<div class=\"elementor-element elementor-element-471f200 e-con-full ancho-iridian reveal-scroll e-flex e-con e-child\" data-id=\"471f200\" data-element_type=\"container\" data-e-type=\"container\">\n\t\t<div class=\"elementor-element elementor-element-cf9905c e-con-full e-flex e-con e-child\" data-id=\"cf9905c\" data-element_type=\"container\" data-e-type=\"container\" data-settings=\"{&quot;background_background&quot;:&quot;gradient&quot;}\">\n\t\t\t\t<div class=\"elementor-element elementor-element-549af72 elementor-widget elementor-widget-image\" data-id=\"549af72\" data-element_type=\"widget\" data-e-type=\"widget\" data-widget_type=\"image.default\">\n\t\t\t\t\t\t\t\t\t\t\t\t\t\t\t<img decoding=\"async\" width=\"270\" height=\"291\" src=\"https:\/\/iridian.io\/wp-content\/uploads\/2026\/02\/Rectangle-47-3.jpg\" class=\"attachment-full size-full wp-image-2196\" alt=\"\" \/>\t\t\t\t\t\t\t\t\t\t\t\t\t\t\t<\/div>\n\t\t\t\t<div class=\"elementor-element elementor-element-057e3c4 elementor-widget elementor-widget-heading\" data-id=\"057e3c4\" data-element_type=\"widget\" data-e-type=\"widget\" data-widget_type=\"heading.default\">\n\t\t\t\t\t<h3 class=\"elementor-heading-title elementor-size-default\">Proyectos <span class=\"color-767e8b\">tecnol\u00f3gicos<\/span> estrat\u00e9gicos\n<\/h3>\t\t\t\t<\/div>\n\t\t\t\t<\/div>\n\t\t<div class=\"elementor-element elementor-element-daafa11 e-con-full e-flex e-con e-child\" data-id=\"daafa11\" data-element_type=\"container\" data-e-type=\"container\" data-settings=\"{&quot;background_background&quot;:&quot;gradient&quot;}\">\n\t\t\t\t<div class=\"elementor-element elementor-element-25e9938 elementor-widget elementor-widget-image\" data-id=\"25e9938\" data-element_type=\"widget\" data-e-type=\"widget\" data-widget_type=\"image.default\">\n\t\t\t\t\t\t\t\t\t\t\t\t\t\t\t<img decoding=\"async\" width=\"270\" height=\"291\" src=\"https:\/\/iridian.io\/wp-content\/uploads\/2026\/02\/Rectangle-48.jpg\" class=\"attachment-full size-full wp-image-2197\" alt=\"\" \/>\t\t\t\t\t\t\t\t\t\t\t\t\t\t\t<\/div>\n\t\t\t\t<div class=\"elementor-element elementor-element-e43fad2 elementor-widget elementor-widget-heading\" data-id=\"e43fad2\" data-element_type=\"widget\" data-e-type=\"widget\" data-widget_type=\"heading.default\">\n\t\t\t\t\t<h3 class=\"elementor-heading-title elementor-size-default\">Equipos <span class=\"color-767e8b\">tecnol\u00f3gicos<\/span> dedicados\n<\/h3>\t\t\t\t<\/div>\n\t\t\t\t<\/div>\n\t\t<div class=\"elementor-element elementor-element-4f3ae19 e-con-full e-flex e-con e-child\" data-id=\"4f3ae19\" data-element_type=\"container\" data-e-type=\"container\" data-settings=\"{&quot;background_background&quot;:&quot;gradient&quot;}\">\n\t\t\t\t<div class=\"elementor-element elementor-element-2769841 elementor-widget elementor-widget-image\" data-id=\"2769841\" data-element_type=\"widget\" data-e-type=\"widget\" data-widget_type=\"image.default\">\n\t\t\t\t\t\t\t\t\t\t\t\t\t\t\t<img loading=\"lazy\" decoding=\"async\" width=\"270\" height=\"291\" src=\"https:\/\/iridian.io\/wp-content\/uploads\/2026\/02\/Rectangle-49.jpg\" class=\"attachment-full size-full wp-image-2198\" alt=\"\" \/>\t\t\t\t\t\t\t\t\t\t\t\t\t\t\t<\/div>\n\t\t\t\t<div class=\"elementor-element elementor-element-875ed59 elementor-widget elementor-widget-heading\" data-id=\"875ed59\" data-element_type=\"widget\" data-e-type=\"widget\" data-widget_type=\"heading.default\">\n\t\t\t\t\t<h3 class=\"elementor-heading-title elementor-size-default\">Asociaciones <span class=\"color-767e8b\">tecnol\u00f3gicas<\/span> a largo plazo<\/h3>\t\t\t\t<\/div>\n\t\t\t\t<\/div>\n\t\t<div class=\"elementor-element elementor-element-268625e e-con-full e-flex e-con e-child\" data-id=\"268625e\" data-element_type=\"container\" data-e-type=\"container\" data-settings=\"{&quot;background_background&quot;:&quot;gradient&quot;}\">\n\t\t\t\t<div class=\"elementor-element elementor-element-6c0ca5a elementor-widget elementor-widget-image\" data-id=\"6c0ca5a\" data-element_type=\"widget\" data-e-type=\"widget\" data-widget_type=\"image.default\">\n\t\t\t\t\t\t\t\t\t\t\t\t\t\t\t<img loading=\"lazy\" decoding=\"async\" width=\"270\" height=\"291\" src=\"https:\/\/iridian.io\/wp-content\/uploads\/2026\/02\/Rectangle-50-1.jpg\" class=\"attachment-full size-full wp-image-2199\" alt=\"\" \/>\t\t\t\t\t\t\t\t\t\t\t\t\t\t\t<\/div>\n\t\t\t\t<div class=\"elementor-element elementor-element-cf2eaf0 elementor-widget elementor-widget-heading\" data-id=\"cf2eaf0\" data-element_type=\"widget\" data-e-type=\"widget\" data-widget_type=\"heading.default\">\n\t\t\t\t\t<h3 class=\"elementor-heading-title elementor-size-default\"><span class=\"color-767e8b\">Externalizaci\u00f3n<\/span> de capacidades <span class=\"color-767e8b\">de TI y<\/span>\n digitales\n<\/h3>\t\t\t\t<\/div>\n\t\t\t\t<\/div>\n\t\t\t\t<\/div>\n\t\t\t\t<\/div>\n\t\t<div class=\"elementor-element elementor-element-73538d6 e-con-full reveal-scroll e-flex e-con e-parent\" data-id=\"73538d6\" data-element_type=\"container\" data-e-type=\"container\">\n\t\t<div class=\"elementor-element elementor-element-5be572c e-con-full ancho-iridian e-flex e-con e-child\" data-id=\"5be572c\" data-element_type=\"container\" data-e-type=\"container\">\n\t\t<div class=\"elementor-element elementor-element-f4e881c e-con-full e-flex e-con e-child\" data-id=\"f4e881c\" data-element_type=\"container\" data-e-type=\"container\">\n\t\t\t\t<div class=\"elementor-element elementor-element-6e6c4ff elementor-widget elementor-widget-image\" data-id=\"6e6c4ff\" data-element_type=\"widget\" data-e-type=\"widget\" data-widget_type=\"image.default\">\n\t\t\t\t\t\t\t\t\t\t\t\t\t\t\t<img loading=\"lazy\" decoding=\"async\" width=\"664\" height=\"468\" src=\"https:\/\/iridian.io\/wp-content\/uploads\/2026\/02\/Rectangle-51-1.jpg\" class=\"attachment-full size-full wp-image-2200\" alt=\"\" srcset=\"https:\/\/iridian.io\/wp-content\/uploads\/2026\/02\/Rectangle-51-1.jpg 664w, https:\/\/iridian.io\/wp-content\/uploads\/2026\/02\/Rectangle-51-1-300x211.jpg 300w\" sizes=\"(max-width: 664px) 100vw, 664px\" \/>\t\t\t\t\t\t\t\t\t\t\t\t\t\t\t<\/div>\n\t\t\t\t<\/div>\n\t\t<div class=\"elementor-element elementor-element-c069ee4 e-con-full e-flex e-con e-child\" data-id=\"c069ee4\" data-element_type=\"container\" data-e-type=\"container\">\n\t\t\t\t<div class=\"elementor-element elementor-element-4f6ec94 elementor-widget elementor-widget-text-editor\" data-id=\"4f6ec94\" data-element_type=\"widget\" data-e-type=\"widget\" data-widget_type=\"text-editor.default\">\n\t\t\t\t\t\t\t\t\tNuestros equipos operan como una extensi\u00f3n directa de las funciones internas de tecnolog\u00eda y negocio\t\t\t\t\t\t\t\t<\/div>\n\t\t\t\t<div class=\"elementor-element elementor-element-d6db9c3 elementor-view-default elementor-widget elementor-widget-icon\" data-id=\"d6db9c3\" data-element_type=\"widget\" data-e-type=\"widget\" data-widget_type=\"icon.default\">\n\t\t\t\t\t\t\t<div class=\"elementor-icon-wrapper\">\n\t\t\t<div class=\"elementor-icon\">\n\t\t\t<svg xmlns=\"http:\/\/www.w3.org\/2000\/svg\" width=\"6\" height=\"139\" viewBox=\"0 0 6 139\" fill=\"none\"><path d=\"M2.88671 139L5.77346 134L-3.85207e-05 134L2.88671 139ZM2.88672 0L2.38672 -2.18557e-08L2.38671 134.5L2.88671 134.5L3.38671 134.5L3.38672 2.18557e-08L2.88672 0Z\" fill=\"#0E1626\"><\/path><\/svg>\t\t\t<\/div>\n\t\t<\/div>\n\t\t\t\t\t\t<\/div>\n\t\t\t\t<div class=\"elementor-element elementor-element-f463d6f elementor-widget elementor-widget-text-editor\" data-id=\"f463d6f\" data-element_type=\"widget\" data-e-type=\"widget\" data-widget_type=\"text-editor.default\">\n\t\t\t\t\t\t\t\t\tCon una gobernanza clara, responsabilidades definidas y est\u00e1ndares de entrega consistentes.\t\t\t\t\t\t\t\t<\/div>\n\t\t\t\t<\/div>\n\t\t\t\t<\/div>\n\t\t\t\t<div class=\"elementor-element elementor-element-f490f60 elementor-widget elementor-widget-html\" data-id=\"f490f60\" data-element_type=\"widget\" data-e-type=\"widget\" data-widget_type=\"html.default\">\n\t\t\t\t\t<script>const reveals = document.querySelectorAll('.reveal-scroll');\n\nconst observer = new IntersectionObserver(entries => {\n  entries.forEach(entry => {\n    if (entry.isIntersecting) {\n      entry.target.classList.add('visible');\n    }\n  });\n});\n\nreveals.forEach(el => observer.observe(el));\n<\/script>\t\t\t\t<\/div>\n\t\t\t\t<\/div>\n\t\t\t\t<\/div>\n\t\t","protected":false},"excerpt":{"rendered":"<p>C\u00f3mo trabajamos Adaptamos nuestro modelo de entrega seg\u00fan la madurez organizacional, el contexto regulatorio y los requisitos operativos. Iniciar una conversaci\u00f3n Modelos de colaboraci\u00f3n Proyectos tecnol\u00f3gicos estrat\u00e9gicos Equipos tecnol\u00f3gicos dedicados Asociaciones tecnol\u00f3gicas a largo plazo Externalizaci\u00f3n de capacidades de TI y digitales Nuestros equipos operan como una extensi\u00f3n directa de las funciones internas de tecnolog\u00eda [&hellip;]<\/p>\n","protected":false},"author":1,"featured_media":0,"parent":0,"menu_order":0,"comment_status":"closed","ping_status":"closed","template":"","meta":{"footnotes":""},"class_list":["post-2201","page","type-page","status-publish","hentry"],"yoast_head":"<!-- This site is optimized with the Yoast SEO plugin v27.2 - https:\/\/yoast.com\/product\/yoast-seo-wordpress\/ -->\n<title>C\u00f3mo trabajamos - Iridian<\/title>\n<meta name=\"robots\" content=\"index, follow, max-snippet:-1, max-image-preview:large, max-video-preview:-1\" \/>\n<link rel=\"canonical\" href=\"https:\/\/iridian.io\/es\/como-trabajamos\/\" \/>\n<meta property=\"og:locale\" content=\"es_ES\" \/>\n<meta property=\"og:type\" content=\"article\" \/>\n<meta property=\"og:title\" content=\"C\u00f3mo trabajamos - Iridian\" \/>\n<meta property=\"og:description\" content=\"C\u00f3mo trabajamos Adaptamos nuestro modelo de entrega seg\u00fan la madurez organizacional, el contexto regulatorio y los requisitos operativos. Iniciar una conversaci\u00f3n Modelos de colaboraci\u00f3n Proyectos tecnol\u00f3gicos estrat\u00e9gicos Equipos tecnol\u00f3gicos dedicados Asociaciones tecnol\u00f3gicas a largo plazo Externalizaci\u00f3n de capacidades de TI y digitales Nuestros equipos operan como una extensi\u00f3n directa de las funciones internas de tecnolog\u00eda [&hellip;]\" \/>\n<meta property=\"og:url\" content=\"https:\/\/iridian.io\/es\/como-trabajamos\/\" \/>\n<meta property=\"og:site_name\" content=\"Iridian\" \/>\n<meta property=\"article:modified_time\" content=\"2026-03-09T13:49:30+00:00\" \/>\n<meta property=\"og:image\" content=\"https:\/\/iridian2026.iridian.co\/wp-content\/uploads\/2026\/02\/image-1-1.jpg\" \/>\n<meta name=\"twitter:card\" content=\"summary_large_image\" \/>\n<script type=\"application\/ld+json\" class=\"yoast-schema-graph\">{\"@context\":\"https:\/\/schema.org\",\"@graph\":[{\"@type\":\"WebPage\",\"@id\":\"https:\/\/iridian.io\/es\/como-trabajamos\/\",\"url\":\"https:\/\/iridian.io\/es\/como-trabajamos\/\",\"name\":\"C\u00f3mo trabajamos - Iridian\",\"isPartOf\":{\"@id\":\"https:\/\/iridian.io\/es\/#website\"},\"primaryImageOfPage\":{\"@id\":\"https:\/\/iridian.io\/es\/como-trabajamos\/#primaryimage\"},\"image\":{\"@id\":\"https:\/\/iridian.io\/es\/como-trabajamos\/#primaryimage\"},\"thumbnailUrl\":\"https:\/\/iridian2026.iridian.co\/wp-content\/uploads\/2026\/02\/image-1-1.jpg\",\"datePublished\":\"2026-02-06T15:02:09+00:00\",\"dateModified\":\"2026-03-09T13:49:30+00:00\",\"breadcrumb\":{\"@id\":\"https:\/\/iridian.io\/es\/como-trabajamos\/#breadcrumb\"},\"inLanguage\":\"es\",\"potentialAction\":[{\"@type\":\"ReadAction\",\"target\":[\"https:\/\/iridian.io\/es\/como-trabajamos\/\"]}]},{\"@type\":\"ImageObject\",\"inLanguage\":\"es\",\"@id\":\"https:\/\/iridian.io\/es\/como-trabajamos\/#primaryimage\",\"url\":\"https:\/\/iridian2026.iridian.co\/wp-content\/uploads\/2026\/02\/image-1-1.jpg\",\"contentUrl\":\"https:\/\/iridian2026.iridian.co\/wp-content\/uploads\/2026\/02\/image-1-1.jpg\"},{\"@type\":\"BreadcrumbList\",\"@id\":\"https:\/\/iridian.io\/es\/como-trabajamos\/#breadcrumb\",\"itemListElement\":[{\"@type\":\"ListItem\",\"position\":1,\"name\":\"Inicio\",\"item\":\"https:\/\/iridian.io\/es\/\"},{\"@type\":\"ListItem\",\"position\":2,\"name\":\"C\u00f3mo trabajamos\"}]},{\"@type\":\"WebSite\",\"@id\":\"https:\/\/iridian.io\/es\/#website\",\"url\":\"https:\/\/iridian.io\/es\/\",\"name\":\"Iridian\",\"description\":\"\",\"potentialAction\":[{\"@type\":\"SearchAction\",\"target\":{\"@type\":\"EntryPoint\",\"urlTemplate\":\"https:\/\/iridian.io\/es\/?s={search_term_string}\"},\"query-input\":{\"@type\":\"PropertyValueSpecification\",\"valueRequired\":true,\"valueName\":\"search_term_string\"}}],\"inLanguage\":\"es\"}]}<\/script>\n<!-- \/ Yoast SEO plugin. -->","yoast_head_json":{"title":"C\u00f3mo trabajamos - Iridian","robots":{"index":"index","follow":"follow","max-snippet":"max-snippet:-1","max-image-preview":"max-image-preview:large","max-video-preview":"max-video-preview:-1"},"canonical":"https:\/\/iridian.io\/es\/como-trabajamos\/","og_locale":"es_ES","og_type":"article","og_title":"C\u00f3mo trabajamos - Iridian","og_description":"C\u00f3mo trabajamos Adaptamos nuestro modelo de entrega seg\u00fan la madurez organizacional, el contexto regulatorio y los requisitos operativos. Iniciar una conversaci\u00f3n Modelos de colaboraci\u00f3n Proyectos tecnol\u00f3gicos estrat\u00e9gicos Equipos tecnol\u00f3gicos dedicados Asociaciones tecnol\u00f3gicas a largo plazo Externalizaci\u00f3n de capacidades de TI y digitales Nuestros equipos operan como una extensi\u00f3n directa de las funciones internas de tecnolog\u00eda [&hellip;]","og_url":"https:\/\/iridian.io\/es\/como-trabajamos\/","og_site_name":"Iridian","article_modified_time":"2026-03-09T13:49:30+00:00","og_image":[{"url":"https:\/\/iridian2026.iridian.co\/wp-content\/uploads\/2026\/02\/image-1-1.jpg","type":"","width":"","height":""}],"twitter_card":"summary_large_image","schema":{"@context":"https:\/\/schema.org","@graph":[{"@type":"WebPage","@id":"https:\/\/iridian.io\/es\/como-trabajamos\/","url":"https:\/\/iridian.io\/es\/como-trabajamos\/","name":"C\u00f3mo trabajamos - Iridian","isPartOf":{"@id":"https:\/\/iridian.io\/es\/#website"},"primaryImageOfPage":{"@id":"https:\/\/iridian.io\/es\/como-trabajamos\/#primaryimage"},"image":{"@id":"https:\/\/iridian.io\/es\/como-trabajamos\/#primaryimage"},"thumbnailUrl":"https:\/\/iridian2026.iridian.co\/wp-content\/uploads\/2026\/02\/image-1-1.jpg","datePublished":"2026-02-06T15:02:09+00:00","dateModified":"2026-03-09T13:49:30+00:00","breadcrumb":{"@id":"https:\/\/iridian.io\/es\/como-trabajamos\/#breadcrumb"},"inLanguage":"es","potentialAction":[{"@type":"ReadAction","target":["https:\/\/iridian.io\/es\/como-trabajamos\/"]}]},{"@type":"ImageObject","inLanguage":"es","@id":"https:\/\/iridian.io\/es\/como-trabajamos\/#primaryimage","url":"https:\/\/iridian2026.iridian.co\/wp-content\/uploads\/2026\/02\/image-1-1.jpg","contentUrl":"https:\/\/iridian2026.iridian.co\/wp-content\/uploads\/2026\/02\/image-1-1.jpg"},{"@type":"BreadcrumbList","@id":"https:\/\/iridian.io\/es\/como-trabajamos\/#breadcrumb","itemListElement":[{"@type":"ListItem","position":1,"name":"Inicio","item":"https:\/\/iridian.io\/es\/"},{"@type":"ListItem","position":2,"name":"C\u00f3mo trabajamos"}]},{"@type":"WebSite","@id":"https:\/\/iridian.io\/es\/#website","url":"https:\/\/iridian.io\/es\/","name":"Iridian","description":"","potentialAction":[{"@type":"SearchAction","target":{"@type":"EntryPoint","urlTemplate":"https:\/\/iridian.io\/es\/?s={search_term_string}"},"query-input":{"@type":"PropertyValueSpecification","valueRequired":true,"valueName":"search_term_string"}}],"inLanguage":"es"}]}},"_links":{"self":[{"href":"https:\/\/iridian.io\/es\/wp-json\/wp\/v2\/pages\/2201","targetHints":{"allow":["GET"]}}],"collection":[{"href":"https:\/\/iridian.io\/es\/wp-json\/wp\/v2\/pages"}],"about":[{"href":"https:\/\/iridian.io\/es\/wp-json\/wp\/v2\/types\/page"}],"author":[{"embeddable":true,"href":"https:\/\/iridian.io\/es\/wp-json\/wp\/v2\/users\/1"}],"replies":[{"embeddable":true,"href":"https:\/\/iridian.io\/es\/wp-json\/wp\/v2\/comments?post=2201"}],"version-history":[{"count":1,"href":"https:\/\/iridian.io\/es\/wp-json\/wp\/v2\/pages\/2201\/revisions"}],"predecessor-version":[{"id":2203,"href":"https:\/\/iridian.io\/es\/wp-json\/wp\/v2\/pages\/2201\/revisions\/2203"}],"wp:attachment":[{"href":"https:\/\/iridian.io\/es\/wp-json\/wp\/v2\/media?parent=2201"}],"curies":[{"name":"wp","href":"https:\/\/api.w.org\/{rel}","templated":true}]}}